{"id":3520,"date":"2018-02-01T17:49:47","date_gmt":"2018-02-01T16:49:47","guid":{"rendered":"https:\/\/www.medicoplast.de\/?page_id=3520"},"modified":"2018-10-01T09:56:58","modified_gmt":"2018-10-01T08:56:58","slug":"3-wege-haematurie-spuelkatheter-eng","status":"publish","type":"page","link":"https:\/\/www.medicoplast.de\/en\/products\/3-wege-haematurie-spuelkatheter-eng\/","title":{"rendered":"3-way haematuria irrigation catheter"},"content":{"rendered":"<div class=\"wpb-content-wrapper\"><p>[vc_row][vc_column width=&#8221;1\/1&#8243;][vc_empty_space empty_h=&#8221;1&#8243;][\/vc_column][\/vc_row][vc_row unlock_row=&#8221;&#8221; row_height_percent=&#8221;0&#8243; back_color=&#8221;color-xsdn&#8221; overlay_alpha=&#8221;50&#8243; gutter_size=&#8221;3&#8243; shift_y=&#8221;0&#8243;][vc_column column_width_percent=&#8221;100&#8243; overlay_alpha=&#8221;50&#8243; gutter_size=&#8221;3&#8243; border_color=&#8221;color-741088&#8243; border_style=&#8221;solid&#8221; medium_width=&#8221;0&#8243; mobile_width=&#8221;0&#8243; shift_x=&#8221;0&#8243; shift_y=&#8221;0&#8243; z_index=&#8221;0&#8243; width=&#8221;1\/2&#8243;][vc_single_image media=&#8221;3042&#8243; media_lightbox=&#8221;yes&#8221; media_width_percent=&#8221;100&#8243;][\/vc_column][vc_column column_width_percent=&#8221;100&#8243; overlay_alpha=&#8221;50&#8243; gutter_size=&#8221;3&#8243; medium_width=&#8221;0&#8243; mobile_width=&#8221;0&#8243; shift_x=&#8221;0&#8243; shift_y=&#8221;0&#8243; z_index=&#8221;0&#8243; width=&#8221;1\/2&#8243;][vc_custom_heading heading_semantic=&#8221;h3&#8243; text_size=&#8221;h3&#8243;]3 &#8211; way haematuria irrigation catheter[\/vc_custom_heading][vc_custom_heading heading_semantic=&#8221;h4&#8243; text_size=&#8221;h4&#8243; text_weight=&#8221;400&#8243;]of silicone[\/vc_custom_heading][vc_empty_space empty_h=&#8221;1&#8243;][uncode_list icon=&#8221;fa fa-angle-right&#8221; icon_color=&#8221;color-741088&#8243;]<\/p>\n<ul>\n<li>closed tip<\/li>\n<li>length 40 cm<\/li>\n<\/ul>\n<p>[\/uncode_list][vc_empty_space empty_h=&#8221;1&#8243;][vc_column_text]\n<table id=\"tablepress-195\" class=\"tablepress tablepress-id-195\">\n<thead>\n<tr class=\"row-1\">\n\t<th class=\"column-1\">Cat.-No.:<\/th><th class=\"column-2\">Gr\u00f6\u00dfe \/ Size <\/th><th class=\"column-3\">Ballon \/ Balloon<\/th>\n<\/tr>\n<\/thead>\n<tbody class=\"row-striping row-hover\">\n<tr class=\"row-2\">\n\t<td class=\"column-1\">113 2 16 30<\/td><td class=\"column-2\">Ch 16<\/td><td class=\"column-3\">30 ml<\/td>\n<\/tr>\n<tr class=\"row-3\">\n\t<td class=\"column-1\">113 2 18 30<\/td><td class=\"column-2\">Ch 18<\/td><td class=\"column-3\">30 ml<\/td>\n<\/tr>\n<tr class=\"row-4\">\n\t<td class=\"column-1\">113 2 20 30<\/td><td class=\"column-2\">Ch 20<\/td><td class=\"column-3\">30 ml<\/td>\n<\/tr>\n<tr class=\"row-5\">\n\t<td class=\"column-1\">113 2 22 30<\/td><td class=\"column-2\">Ch 22<\/td><td class=\"column-3\">30 ml<\/td>\n<\/tr>\n<tr class=\"row-6\">\n\t<td class=\"column-1\">113 2 24 30<\/td><td class=\"column-2\">Ch 24<\/td><td class=\"column-3\">30 ml<\/td>\n<\/tr>\n<tr class=\"row-7\">\n\t<td class=\"column-1\">113 2 18 80<\/td><td class=\"column-2\">Ch 18<\/td><td class=\"column-3\">60 ml<\/td>\n<\/tr>\n<tr class=\"row-8\">\n\t<td class=\"column-1\">113 2 20 80<\/td><td class=\"column-2\">Ch 20<\/td><td class=\"column-3\">80 ml<\/td>\n<\/tr>\n<tr class=\"row-9\">\n\t<td class=\"column-1\">113 2 22 80<\/td><td class=\"column-2\">Ch 22<\/td><td class=\"column-3\">80 ml<\/td>\n<\/tr>\n<tr class=\"row-10\">\n\t<td class=\"column-1\">113 2 24 80<\/td><td class=\"column-2\">Ch 24<\/td><td class=\"column-3\">80 ml<\/td>\n<\/tr>\n<\/tbody>\n<\/table>\n[\/vc_column_text][vc_empty_space empty_h=&#8221;1&#8243;][vc_column_text el_class=&#8221;sizebezeichnung&#8221;]H\u00e4maturie-Katheter H\u00e4maturie Katheter Silikon H\u00e4maturie Ballonkatheter Silikon H\u00e4maturie Ballon Katheter[\/vc_column_text][\/vc_column][\/vc_row][vc_row][vc_column width=&#8221;1\/1&#8243;][vc_empty_space empty_h=&#8221;1&#8243;][\/vc_column][\/vc_row][vc_row unlock_row=&#8221;&#8221; row_height_percent=&#8221;0&#8243; back_color=&#8221;color-xsdn&#8221; overlay_alpha=&#8221;50&#8243; gutter_size=&#8221;3&#8243; shift_y=&#8221;0&#8243;][vc_column column_width_percent=&#8221;100&#8243; overlay_alpha=&#8221;50&#8243; gutter_size=&#8221;3&#8243; border_color=&#8221;color-741088&#8243; border_style=&#8221;solid&#8221; medium_width=&#8221;0&#8243; mobile_width=&#8221;0&#8243; shift_x=&#8221;0&#8243; shift_y=&#8221;0&#8243; z_index=&#8221;0&#8243; width=&#8221;1\/2&#8243;][vc_single_image media=&#8221;3046&#8243; media_lightbox=&#8221;yes&#8221; media_width_percent=&#8221;100&#8243;][\/vc_column][vc_column column_width_percent=&#8221;100&#8243; overlay_alpha=&#8221;50&#8243; gutter_size=&#8221;3&#8243; medium_width=&#8221;0&#8243; mobile_width=&#8221;0&#8243; shift_x=&#8221;0&#8243; shift_y=&#8221;0&#8243; z_index=&#8221;0&#8243; width=&#8221;1\/2&#8243;][vc_custom_heading heading_semantic=&#8221;h3&#8243; text_size=&#8221;h3&#8243;]3 &#8211; way haematuria irrigation catheter[\/vc_custom_heading][vc_custom_heading heading_semantic=&#8221;h4&#8243; text_size=&#8221;h4&#8243; text_weight=&#8221;400&#8243;]of silicone\u00a0&#8220;Dufour&#8221;[\/vc_custom_heading][vc_empty_space empty_h=&#8221;1&#8243;][uncode_list icon=&#8221;fa fa-angle-right&#8221; icon_color=&#8221;color-741088&#8243;]<\/p>\n<ul>\n<li>length 40 cm<\/li>\n<\/ul>\n<p>[\/uncode_list][vc_empty_space empty_h=&#8221;1&#8243;][vc_column_text]\n<table id=\"tablepress-196\" class=\"tablepress tablepress-id-196\">\n<thead>\n<tr class=\"row-1\">\n\t<th class=\"column-1\">Cat.-No.:<\/th><th class=\"column-2\">Gr\u00f6\u00dfe \/ Size<\/th><th class=\"column-3\">Ballon \/ Balloon<\/th>\n<\/tr>\n<\/thead>\n<tbody class=\"row-striping row-hover\">\n<tr class=\"row-2\">\n\t<td class=\"column-1\">113 3 18 30<\/td><td class=\"column-2\">Ch 18<\/td><td class=\"column-3\">30 ml<\/td>\n<\/tr>\n<tr class=\"row-3\">\n\t<td class=\"column-1\">113 3 20 30<\/td><td class=\"column-2\">Ch 20<\/td><td class=\"column-3\">30 ml<\/td>\n<\/tr>\n<tr class=\"row-4\">\n\t<td class=\"column-1\">113 3 22 30<\/td><td class=\"column-2\">Ch 22<\/td><td class=\"column-3\">30 ml<\/td>\n<\/tr>\n<tr class=\"row-5\">\n\t<td class=\"column-1\">113 3 24 30<\/td><td class=\"column-2\">Ch 24<\/td><td class=\"column-3\">30 ml<\/td>\n<\/tr>\n<tr class=\"row-6\">\n\t<td class=\"column-1\">113 3 18 80<\/td><td class=\"column-2\">Ch 18<\/td><td class=\"column-3\">60 ml<\/td>\n<\/tr>\n<tr class=\"row-7\">\n\t<td class=\"column-1\">113 3 20 80<\/td><td class=\"column-2\">Ch 20<\/td><td class=\"column-3\">80 ml<\/td>\n<\/tr>\n<tr class=\"row-8\">\n\t<td class=\"column-1\">113 3 22 80<\/td><td class=\"column-2\">Ch 22<\/td><td class=\"column-3\">80 ml<\/td>\n<\/tr>\n<tr class=\"row-9\">\n\t<td class=\"column-1\">113 3 24 80<\/td><td class=\"column-2\">Ch 24<\/td><td class=\"column-3\">80 ml<\/td>\n<\/tr>\n<\/tbody>\n<\/table>\n[\/vc_column_text][vc_empty_space empty_h=&#8221;1&#8243;][\/vc_column][\/vc_row][vc_row][vc_column width=&#8221;1\/1&#8243;][vc_empty_space empty_h=&#8221;1&#8243;][\/vc_column][\/vc_row][vc_row unlock_row=&#8221;&#8221; row_height_percent=&#8221;0&#8243; back_color=&#8221;color-xsdn&#8221; overlay_alpha=&#8221;50&#8243; gutter_size=&#8221;3&#8243; shift_y=&#8221;0&#8243;][vc_column column_width_percent=&#8221;100&#8243; overlay_alpha=&#8221;50&#8243; gutter_size=&#8221;3&#8243; border_color=&#8221;color-741088&#8243; border_style=&#8221;solid&#8221; medium_width=&#8221;0&#8243; mobile_width=&#8221;0&#8243; shift_x=&#8221;0&#8243; shift_y=&#8221;0&#8243; z_index=&#8221;0&#8243; width=&#8221;1\/2&#8243;][vc_single_image media=&#8221;3042&#8243; media_lightbox=&#8221;yes&#8221; media_width_percent=&#8221;100&#8243;][\/vc_column][vc_column column_width_percent=&#8221;100&#8243; overlay_alpha=&#8221;50&#8243; gutter_size=&#8221;3&#8243; medium_width=&#8221;0&#8243; mobile_width=&#8221;0&#8243; shift_x=&#8221;0&#8243; shift_y=&#8221;0&#8243; z_index=&#8221;0&#8243; width=&#8221;1\/2&#8243;][vc_custom_heading heading_semantic=&#8221;h3&#8243; text_size=&#8221;h3&#8243;]3 &#8211; way haematuria irrigation catheter[\/vc_custom_heading][vc_custom_heading heading_semantic=&#8221;h4&#8243; text_size=&#8221;h4&#8243; text_weight=&#8221;400&#8243;]of silicone\u00a0&#8220;Couvelaire&#8221;[\/vc_custom_heading][vc_empty_space empty_h=&#8221;1&#8243;][uncode_list icon=&#8221;fa fa-angle-right&#8221; icon_color=&#8221;color-741088&#8243;]<\/p>\n<ul>\n<li>length 40 cm<\/li>\n<\/ul>\n<p>[\/uncode_list][vc_empty_space empty_h=&#8221;1&#8243;][vc_column_text]\n<table id=\"tablepress-197\" class=\"tablepress tablepress-id-197\">\n<thead>\n<tr class=\"row-1\">\n\t<th class=\"column-1\">Cat.-No.:<\/th><th class=\"column-2\">Gr\u00f6\u00dfe \/ Size <\/th><th class=\"column-3\">Ballon \/ Balloon<\/th>\n<\/tr>\n<\/thead>\n<tbody class=\"row-striping row-hover\">\n<tr class=\"row-2\">\n\t<td class=\"column-1\">113 4 18 30<\/td><td class=\"column-2\">Ch 18<\/td><td class=\"column-3\">30 ml<\/td>\n<\/tr>\n<tr class=\"row-3\">\n\t<td class=\"column-1\">113 4 20 30<\/td><td class=\"column-2\">Ch 20<\/td><td class=\"column-3\">30 ml<\/td>\n<\/tr>\n<tr class=\"row-4\">\n\t<td class=\"column-1\">113 4 22 30<\/td><td class=\"column-2\">Ch 22<\/td><td class=\"column-3\">30 ml<\/td>\n<\/tr>\n<tr class=\"row-5\">\n\t<td class=\"column-1\">113 4 24 30<\/td><td class=\"column-2\">Ch 24<\/td><td class=\"column-3\">30 ml<\/td>\n<\/tr>\n<tr class=\"row-6\">\n\t<td class=\"column-1\">113 4 18 80<\/td><td class=\"column-2\">Ch 18<\/td><td class=\"column-3\">60 ml<\/td>\n<\/tr>\n<tr class=\"row-7\">\n\t<td class=\"column-1\">113 4 20 80<\/td><td class=\"column-2\">Ch 20<\/td><td class=\"column-3\">80 ml<\/td>\n<\/tr>\n<tr class=\"row-8\">\n\t<td class=\"column-1\">113 4 22 80<\/td><td class=\"column-2\">Ch 22<\/td><td class=\"column-3\">80 ml<\/td>\n<\/tr>\n<tr class=\"row-9\">\n\t<td class=\"column-1\">113 4 24 80<\/td><td class=\"column-2\">Ch 24<\/td><td class=\"column-3\">80 ml<\/td>\n<\/tr>\n<\/tbody>\n<\/table>\n[\/vc_column_text][vc_empty_space empty_h=&#8221;1&#8243;][\/vc_column][\/vc_row][vc_row][vc_column width=&#8221;1\/1&#8243;][vc_empty_space empty_h=&#8221;1&#8243;][\/vc_column][\/vc_row][vc_row unlock_row=&#8221;&#8221; row_height_percent=&#8221;0&#8243; back_color=&#8221;color-xsdn&#8221; overlay_alpha=&#8221;50&#8243; gutter_size=&#8221;3&#8243; shift_y=&#8221;0&#8243;][vc_column column_width_percent=&#8221;100&#8243; overlay_alpha=&#8221;50&#8243; gutter_size=&#8221;3&#8243; border_color=&#8221;color-741088&#8243; border_style=&#8221;solid&#8221; medium_width=&#8221;0&#8243; mobile_width=&#8221;0&#8243; shift_x=&#8221;0&#8243; shift_y=&#8221;0&#8243; z_index=&#8221;0&#8243; width=&#8221;1\/2&#8243;][vc_single_image media=&#8221;3046&#8243; media_lightbox=&#8221;yes&#8221; media_width_percent=&#8221;100&#8243;][\/vc_column][vc_column column_width_percent=&#8221;100&#8243; overlay_alpha=&#8221;50&#8243; gutter_size=&#8221;3&#8243; medium_width=&#8221;0&#8243; mobile_width=&#8221;0&#8243; shift_x=&#8221;0&#8243; shift_y=&#8221;0&#8243; z_index=&#8221;0&#8243; width=&#8221;1\/2&#8243;][vc_custom_heading heading_semantic=&#8221;h3&#8243; text_size=&#8221;h3&#8243;]3 &#8211; way haematuria irrigation catheter[\/vc_custom_heading][vc_custom_heading heading_semantic=&#8221;h4&#8243; text_size=&#8221;h4&#8243; text_weight=&#8221;400&#8243;]of silicone\u00a0&#8220;Mercier&#8221;[\/vc_custom_heading][vc_empty_space empty_h=&#8221;1&#8243;][uncode_list icon=&#8221;fa fa-angle-right&#8221; icon_color=&#8221;color-741088&#8243;]<\/p>\n<ul>\n<li>length 40 cm<\/li>\n<\/ul>\n<p>[\/uncode_list][vc_empty_space empty_h=&#8221;1&#8243;][vc_column_text]\n<table id=\"tablepress-198\" class=\"tablepress tablepress-id-198\">\n<thead>\n<tr class=\"row-1\">\n\t<th class=\"column-1\">Cat.-No.:<\/th><th class=\"column-2\">Gr\u00f6\u00dfe \/ Size <\/th><th class=\"column-3\">Ballon \/ Balloon<\/th>\n<\/tr>\n<\/thead>\n<tbody class=\"row-striping row-hover\">\n<tr class=\"row-2\">\n\t<td class=\"column-1\">113 5 18 30<\/td><td class=\"column-2\">Ch 18<\/td><td class=\"column-3\">30 ml<\/td>\n<\/tr>\n<tr class=\"row-3\">\n\t<td class=\"column-1\">113 5 20 30<\/td><td class=\"column-2\">Ch 20<\/td><td class=\"column-3\">30 ml<\/td>\n<\/tr>\n<tr class=\"row-4\">\n\t<td class=\"column-1\">113 5 22 30<\/td><td class=\"column-2\">Ch 22<\/td><td class=\"column-3\">30 ml<\/td>\n<\/tr>\n<tr class=\"row-5\">\n\t<td class=\"column-1\">113 5 24 30<\/td><td class=\"column-2\">Ch 24<\/td><td class=\"column-3\">30 ml<\/td>\n<\/tr>\n<tr class=\"row-6\">\n\t<td class=\"column-1\">113 5 18 80<\/td><td class=\"column-2\">Ch 18<\/td><td class=\"column-3\">60 ml<\/td>\n<\/tr>\n<tr class=\"row-7\">\n\t<td class=\"column-1\">113 5 20 80<\/td><td class=\"column-2\">Ch 20<\/td><td class=\"column-3\">80 ml<\/td>\n<\/tr>\n<tr class=\"row-8\">\n\t<td class=\"column-1\">113 5 22 80<\/td><td class=\"column-2\">Ch 22<\/td><td class=\"column-3\">80 ml<\/td>\n<\/tr>\n<tr class=\"row-9\">\n\t<td class=\"column-1\">113 5 24 80<\/td><td class=\"column-2\">Ch 24<\/td><td class=\"column-3\">80 ml<\/td>\n<\/tr>\n<\/tbody>\n<\/table>\n[\/vc_column_text][vc_empty_space empty_h=&#8221;1&#8243;][\/vc_column][\/vc_row][vc_row][vc_column width=&#8221;1\/1&#8243;][vc_button button_color=&#8221;color-741088&#8243; border_width=&#8221;0&#8243; link=&#8221;url:https%3A%2F%2Fwww.medicoplast.de%2Fproducts%2F%3Flang%3Den|||&#8221; icon=&#8221;fa fa-angle-left&#8221;]Back to overview[\/vc_button][\/vc_column][\/vc_row][vc_row][vc_column width=&#8221;1\/1&#8243;][vc_empty_space empty_h=&#8221;1&#8243;][\/vc_column][\/vc_row]<\/p>\n<\/div>","protected":false},"excerpt":{"rendered":"<p>[vc_row][vc_column width=&#8221;1\/1&#8243;][vc_empty_space empty_h=&#8221;1&#8243;][\/vc_column][\/vc_row][vc_row unlock_row=&#8221;&#8221; row_height_percent=&#8221;0&#8243; back_color=&#8221;color-xsdn&#8221; overlay_alpha=&#8221;50&#8243; gutter_size=&#8221;3&#8243; shift_y=&#8221;0&#8243;][vc_column column_width_percent=&#8221;100&#8243; overlay_alpha=&#8221;50&#8243; gutter_size=&#8221;3&#8243; border_color=&#8221;color-741088&#8243; border_style=&#8221;solid&#8221; medium_width=&#8221;0&#8243; mobile_width=&#8221;0&#8243; shift_x=&#8221;0&#8243; shift_y=&#8221;0&#8243; z_index=&#8221;0&#8243; width=&#8221;1\/2&#8243;][vc_single_image [&hellip;]<\/p>\n","protected":false},"author":3,"featured_media":0,"parent":3311,"menu_order":0,"comment_status":"closed","ping_status":"closed","template":"","meta":{"footnotes":""},"class_list":["post-3520","page","type-page","status-publish","hentry"],"yoast_head":"<!-- This site is optimized with the Yoast SEO plugin v27.6 - https:\/\/yoast.com\/product\/yoast-seo-wordpress\/ -->\n<title>3-way haematuria irrigation catheter - Medicoplast International GmbH<\/title>\n<meta name=\"robots\" content=\"index, follow, max-snippet:-1, max-image-preview:large, max-video-preview:-1\" \/>\n<link rel=\"canonical\" href=\"https:\/\/www.medicoplast.de\/en\/products\/3-wege-haematurie-spuelkatheter-eng\/\" \/>\n<meta property=\"og:locale\" content=\"en_US\" \/>\n<meta property=\"og:type\" content=\"article\" \/>\n<meta property=\"og:title\" content=\"3-way haematuria irrigation catheter - Medicoplast International GmbH\" \/>\n<meta property=\"og:description\" content=\"[vc_row][vc_column width=&#8221;1\/1&#8243;][vc_empty_space empty_h=&#8221;1&#8243;][\/vc_column][\/vc_row][vc_row unlock_row=&#8221;&#8221; row_height_percent=&#8221;0&#8243; back_color=&#8221;color-xsdn&#8221; overlay_alpha=&#8221;50&#8243; gutter_size=&#8221;3&#8243; shift_y=&#8221;0&#8243;][vc_column column_width_percent=&#8221;100&#8243; overlay_alpha=&#8221;50&#8243; gutter_size=&#8221;3&#8243; border_color=&#8221;color-741088&#8243; border_style=&#8221;solid&#8221; medium_width=&#8221;0&#8243; mobile_width=&#8221;0&#8243; shift_x=&#8221;0&#8243; shift_y=&#8221;0&#8243; z_index=&#8221;0&#8243; width=&#8221;1\/2&#8243;][vc_single_image [&hellip;]\" \/>\n<meta property=\"og:url\" content=\"https:\/\/www.medicoplast.de\/en\/products\/3-wege-haematurie-spuelkatheter-eng\/\" \/>\n<meta property=\"og:site_name\" content=\"Medicoplast International GmbH\" \/>\n<meta property=\"article:modified_time\" content=\"2018-10-01T08:56:58+00:00\" \/>\n<meta name=\"twitter:card\" content=\"summary_large_image\" \/>\n<meta name=\"twitter:label1\" content=\"Est. reading time\" \/>\n\t<meta name=\"twitter:data1\" content=\"4 minutes\" \/>\n<script type=\"application\/ld+json\" class=\"yoast-schema-graph\">{\"@context\":\"https:\\\/\\\/schema.org\",\"@graph\":[{\"@type\":\"WebPage\",\"@id\":\"https:\\\/\\\/www.medicoplast.de\\\/en\\\/products\\\/3-wege-haematurie-spuelkatheter-eng\\\/\",\"url\":\"https:\\\/\\\/www.medicoplast.de\\\/en\\\/products\\\/3-wege-haematurie-spuelkatheter-eng\\\/\",\"name\":\"3-way haematuria irrigation catheter - Medicoplast International GmbH\",\"isPartOf\":{\"@id\":\"https:\\\/\\\/www.medicoplast.de\\\/#website\"},\"datePublished\":\"2018-02-01T16:49:47+00:00\",\"dateModified\":\"2018-10-01T08:56:58+00:00\",\"breadcrumb\":{\"@id\":\"https:\\\/\\\/www.medicoplast.de\\\/en\\\/products\\\/3-wege-haematurie-spuelkatheter-eng\\\/#breadcrumb\"},\"inLanguage\":\"en-US\",\"potentialAction\":[{\"@type\":\"ReadAction\",\"target\":[\"https:\\\/\\\/www.medicoplast.de\\\/en\\\/products\\\/3-wege-haematurie-spuelkatheter-eng\\\/\"]}]},{\"@type\":\"BreadcrumbList\",\"@id\":\"https:\\\/\\\/www.medicoplast.de\\\/en\\\/products\\\/3-wege-haematurie-spuelkatheter-eng\\\/#breadcrumb\",\"itemListElement\":[{\"@type\":\"ListItem\",\"position\":1,\"name\":\"Startseite\",\"item\":\"https:\\\/\\\/www.medicoplast.de\\\/en\\\/\"},{\"@type\":\"ListItem\",\"position\":2,\"name\":\"products\",\"item\":\"https:\\\/\\\/www.medicoplast.de\\\/en\\\/products\\\/\"},{\"@type\":\"ListItem\",\"position\":3,\"name\":\"3-way haematuria irrigation catheter\"}]},{\"@type\":\"WebSite\",\"@id\":\"https:\\\/\\\/www.medicoplast.de\\\/#website\",\"url\":\"https:\\\/\\\/www.medicoplast.de\\\/\",\"name\":\"Medicoplast International GmbH\",\"description\":\"Ihr Partner f\u00fcr Medizinprodukte, Entwicklung und Sterilisation\",\"potentialAction\":[{\"@type\":\"SearchAction\",\"target\":{\"@type\":\"EntryPoint\",\"urlTemplate\":\"https:\\\/\\\/www.medicoplast.de\\\/?s={search_term_string}\"},\"query-input\":{\"@type\":\"PropertyValueSpecification\",\"valueRequired\":true,\"valueName\":\"search_term_string\"}}],\"inLanguage\":\"en-US\"}]}<\/script>\n<!-- \/ Yoast SEO plugin. -->","yoast_head_json":{"title":"3-way haematuria irrigation catheter - Medicoplast International GmbH","robots":{"index":"index","follow":"follow","max-snippet":"max-snippet:-1","max-image-preview":"max-image-preview:large","max-video-preview":"max-video-preview:-1"},"canonical":"https:\/\/www.medicoplast.de\/en\/products\/3-wege-haematurie-spuelkatheter-eng\/","og_locale":"en_US","og_type":"article","og_title":"3-way haematuria irrigation catheter - Medicoplast International GmbH","og_description":"[vc_row][vc_column width=&#8221;1\/1&#8243;][vc_empty_space empty_h=&#8221;1&#8243;][\/vc_column][\/vc_row][vc_row unlock_row=&#8221;&#8221; row_height_percent=&#8221;0&#8243; back_color=&#8221;color-xsdn&#8221; overlay_alpha=&#8221;50&#8243; gutter_size=&#8221;3&#8243; shift_y=&#8221;0&#8243;][vc_column column_width_percent=&#8221;100&#8243; overlay_alpha=&#8221;50&#8243; gutter_size=&#8221;3&#8243; border_color=&#8221;color-741088&#8243; border_style=&#8221;solid&#8221; medium_width=&#8221;0&#8243; mobile_width=&#8221;0&#8243; shift_x=&#8221;0&#8243; shift_y=&#8221;0&#8243; z_index=&#8221;0&#8243; width=&#8221;1\/2&#8243;][vc_single_image [&hellip;]","og_url":"https:\/\/www.medicoplast.de\/en\/products\/3-wege-haematurie-spuelkatheter-eng\/","og_site_name":"Medicoplast International GmbH","article_modified_time":"2018-10-01T08:56:58+00:00","twitter_card":"summary_large_image","twitter_misc":{"Est. reading time":"4 minutes"},"schema":{"@context":"https:\/\/schema.org","@graph":[{"@type":"WebPage","@id":"https:\/\/www.medicoplast.de\/en\/products\/3-wege-haematurie-spuelkatheter-eng\/","url":"https:\/\/www.medicoplast.de\/en\/products\/3-wege-haematurie-spuelkatheter-eng\/","name":"3-way haematuria irrigation catheter - Medicoplast International GmbH","isPartOf":{"@id":"https:\/\/www.medicoplast.de\/#website"},"datePublished":"2018-02-01T16:49:47+00:00","dateModified":"2018-10-01T08:56:58+00:00","breadcrumb":{"@id":"https:\/\/www.medicoplast.de\/en\/products\/3-wege-haematurie-spuelkatheter-eng\/#breadcrumb"},"inLanguage":"en-US","potentialAction":[{"@type":"ReadAction","target":["https:\/\/www.medicoplast.de\/en\/products\/3-wege-haematurie-spuelkatheter-eng\/"]}]},{"@type":"BreadcrumbList","@id":"https:\/\/www.medicoplast.de\/en\/products\/3-wege-haematurie-spuelkatheter-eng\/#breadcrumb","itemListElement":[{"@type":"ListItem","position":1,"name":"Startseite","item":"https:\/\/www.medicoplast.de\/en\/"},{"@type":"ListItem","position":2,"name":"products","item":"https:\/\/www.medicoplast.de\/en\/products\/"},{"@type":"ListItem","position":3,"name":"3-way haematuria irrigation catheter"}]},{"@type":"WebSite","@id":"https:\/\/www.medicoplast.de\/#website","url":"https:\/\/www.medicoplast.de\/","name":"Medicoplast International GmbH","description":"Ihr Partner f\u00fcr Medizinprodukte, Entwicklung und Sterilisation","potentialAction":[{"@type":"SearchAction","target":{"@type":"EntryPoint","urlTemplate":"https:\/\/www.medicoplast.de\/?s={search_term_string}"},"query-input":{"@type":"PropertyValueSpecification","valueRequired":true,"valueName":"search_term_string"}}],"inLanguage":"en-US"}]}},"_links":{"self":[{"href":"https:\/\/www.medicoplast.de\/en\/wp-json\/wp\/v2\/pages\/3520","targetHints":{"allow":["GET"]}}],"collection":[{"href":"https:\/\/www.medicoplast.de\/en\/wp-json\/wp\/v2\/pages"}],"about":[{"href":"https:\/\/www.medicoplast.de\/en\/wp-json\/wp\/v2\/types\/page"}],"author":[{"embeddable":true,"href":"https:\/\/www.medicoplast.de\/en\/wp-json\/wp\/v2\/users\/3"}],"replies":[{"embeddable":true,"href":"https:\/\/www.medicoplast.de\/en\/wp-json\/wp\/v2\/comments?post=3520"}],"version-history":[{"count":2,"href":"https:\/\/www.medicoplast.de\/en\/wp-json\/wp\/v2\/pages\/3520\/revisions"}],"predecessor-version":[{"id":5226,"href":"https:\/\/www.medicoplast.de\/en\/wp-json\/wp\/v2\/pages\/3520\/revisions\/5226"}],"up":[{"embeddable":true,"href":"https:\/\/www.medicoplast.de\/en\/wp-json\/wp\/v2\/pages\/3311"}],"wp:attachment":[{"href":"https:\/\/www.medicoplast.de\/en\/wp-json\/wp\/v2\/media?parent=3520"}],"curies":[{"name":"wp","href":"https:\/\/api.w.org\/{rel}","templated":true}]}}